{"id":9,"date":"2022-08-23T04:16:41","date_gmt":"2022-08-23T04:16:41","guid":{"rendered":"https:\/\/kobietawprawdzie.pl\/?page_id=9"},"modified":"2024-05-30T12:00:51","modified_gmt":"2024-05-30T12:00:51","slug":"tworz-swoja-witryne-za-pomoca-blokow","status":"publish","type":"page","link":"https:\/\/kobietawprawdzie.pl\/","title":{"rendered":"Kobieta w Prawdzie"},"content":{"rendered":"\n<div class=\"wp-block-media-text alignwide is-stacked-on-mobile\"><figure class=\"wp-block-media-text__media\"><img loading=\"lazy\" decoding=\"async\" width=\"793\" height=\"1024\" src=\"http:\/\/kobietawprawdzie.pl\/wp-content\/uploads\/2024\/04\/IMG_8796-smaller-793x1024.jpg\" alt=\"\" class=\"wp-image-390 size-full\" srcset=\"https:\/\/kobietawprawdzie.pl\/wp-content\/uploads\/2024\/04\/IMG_8796-smaller-793x1024.jpg 793w, https:\/\/kobietawprawdzie.pl\/wp-content\/uploads\/2024\/04\/IMG_8796-smaller-232x300.jpg 232w, https:\/\/kobietawprawdzie.pl\/wp-content\/uploads\/2024\/04\/IMG_8796-smaller-768x992.jpg 768w, https:\/\/kobietawprawdzie.pl\/wp-content\/uploads\/2024\/04\/IMG_8796-smaller-1189x1536.jpg 1189w, https:\/\/kobietawprawdzie.pl\/wp-content\/uploads\/2024\/04\/IMG_8796-smaller-1586x2048.jpg 1586w, https:\/\/kobietawprawdzie.pl\/wp-content\/uploads\/2024\/04\/IMG_8796-smaller-1568x2025.jpg 1568w, https:\/\/kobietawprawdzie.pl\/wp-content\/uploads\/2024\/04\/IMG_8796-smaller-600x775.jpg 600w, https:\/\/kobietawprawdzie.pl\/wp-content\/uploads\/2024\/04\/IMG_8796-smaller-scaled.jpg 1982w\" sizes=\"auto, (max-width: 793px) 100vw, 793px\" \/><\/figure><div class=\"wp-block-media-text__content\">\n<h3 class=\"wp-block-heading\"><strong>Od chaosu, spi\u0119cia i przyt\u0142oczenia, <\/strong><\/h3>\n\n\n\n<h3 class=\"wp-block-heading\"><strong>po stabilno\u015b\u0107 i lekkie, <\/strong><strong>p\u0142ynne \u017cycie<\/strong><\/h3>\n\n\n\n<p><em>Wyobra\u017a sobie Kobiet\u0119, kt\u00f3rej cia\u0142o jest swobodne, wolne od napi\u0119\u0107, otwarte na prze\u017cywanie emocji. Kobiet\u0119, kt\u00f3ra odwa\u017cnie p\u0142ynie przez \u017cycie, w balansie, kierowana swoj\u0105 intuicj\u0105. Kobiet\u0119 autentyczn\u0105, kreatywn\u0105, pe\u0142n\u0105 \u017caru pasji, nami\u0119tno\u015bci, zmys\u0142owo\u015bci. Kobiet\u0119 spontaniczn\u0105, kt\u00f3ra kocha siebie za to, jaka jest w istocie, a nie za to jak\u0105 chcia\u0142by j\u0105 widzie\u0107 partner, rodzina czy spo\u0142ecze\u0144stwo. Kobiet\u0119 pe\u0142n\u0105 zaufania, osadzon\u0105 w swoim ciele i sercu, zakorzenion\u0105 w naturze, w swojej g\u0142\u0119bokiej m\u0105dro\u015bci p\u0142yn\u0105cej z wielu pokole\u0144 przed ni\u0105.<\/em><\/p>\n\n\n\n<h3 class=\"wp-block-heading\"><strong>To Kobieta w Prawdzie<\/strong> i Ty Moja Droga Kobieto masz prawo w\u0142a\u015bnie tak \u017cy\u0107!<\/h3>\n<\/div><\/div>\n\n\n\n<p>Funkcjonujemy w cudownych czasach, kiedy to ju\u017c tylko od nas samych zale\u017cy w jaki spos\u00f3b b\u0119dziemy egzystowa\u0107, jakimi my\u015blami si\u0119 karmi\u0107 na co dzie\u0144, czemu i komu dawa\u0107 swoj\u0105 energi\u0119 i czas. <\/p>\n\n\n\n<h2 class=\"wp-block-heading\">To Ty wybierasz!<\/h2>\n\n\n\n<p>Nie powiem Ci, \u017ce &#8222;sky is the limit&#8221;, bo by\u0142o by to mocno naci\u0105ganym, tanim sloganem, ale serio, mamy ju\u017c zasoby i metody, by kreowa\u0107 \u017cycie w wolno\u015bci, obfito\u015bci, mi\u0142o\u015bci, przyjemno\u015bci, odwadze, m\u0105dro\u015bci, po prostu \u017cycie lekkie i dok\u0142adnie takie, jak nikt inny, ale TY chcesz i tylko Ty wiesz jak mia\u0142oby ono wygl\u0105da\u0107. I nie b\u0119d\u0119 Ci\u0119 oszukiwa\u0107, to b\u0119dzie wymaga\u0142o Twojego wk\u0142adu i realnej pracy na wielu poziomach. Ale czy jest co\u015b wa\u017cniejszego od \u017cycia w zgodzie ze sob\u0105? Od takiej \u015bwiadomej kreacji?<\/p>\n\n\n\n<h4 class=\"wp-block-heading alignwide has-text-align-center has-yellow-to-green-gradient-background has-background\" style=\"font-style:normal;font-weight:500\">Terapia EFT to jeden z najszybszych i najbardziej skutecznych sposob\u00f3w osi\u0105gni\u0119cia harmonii ze sob\u0105<\/h4>\n\n\n\n<div class=\"wp-block-cover alignwide is-light has-custom-content-position is-position-top-left fullWidth\"><span aria-hidden=\"true\" class=\"wp-block-cover__background has-red-background-color has-background-dim-60 has-background-dim\"><\/span><img loading=\"lazy\" decoding=\"async\" width=\"2048\" height=\"1365\" class=\"wp-block-cover__image-background wp-image-398\" alt=\"\" src=\"http:\/\/kobietawprawdzie.pl\/wp-content\/uploads\/2024\/04\/IMG_5494.jpg\" data-object-fit=\"cover\" srcset=\"https:\/\/kobietawprawdzie.pl\/wp-content\/uploads\/2024\/04\/IMG_5494.jpg 2048w, https:\/\/kobietawprawdzie.pl\/wp-content\/uploads\/2024\/04\/IMG_5494-300x200.jpg 300w, https:\/\/kobietawprawdzie.pl\/wp-content\/uploads\/2024\/04\/IMG_5494-1024x683.jpg 1024w, https:\/\/kobietawprawdzie.pl\/wp-content\/uploads\/2024\/04\/IMG_5494-768x512.jpg 768w, https:\/\/kobietawprawdzie.pl\/wp-content\/uploads\/2024\/04\/IMG_5494-1536x1024.jpg 1536w, https:\/\/kobietawprawdzie.pl\/wp-content\/uploads\/2024\/04\/IMG_5494-1568x1045.jpg 1568w, https:\/\/kobietawprawdzie.pl\/wp-content\/uploads\/2024\/04\/IMG_5494-600x400.jpg 600w\" sizes=\"auto, (max-width: 2048px) 100vw, 2048px\" \/><div class=\"wp-block-cover__inner-container is-layout-flow wp-block-cover-is-layout-flow\">\n<div class=\"wp-block-columns fullWidth is-layout-flex wp-container-core-columns-is-layout-9d6595d7 wp-block-columns-is-layout-flex\">\n<div class=\"wp-block-column fullWidth is-layout-flow wp-block-column-is-layout-flow\">\n<h3 class=\"wp-block-heading\"><strong>Otrzymaj dost\u0119p do bezp\u0142atnej relaksacyjnej sesji EFT \u201cUkojenie\u201d<\/strong>!<\/h3>\n\n\n\n<p>Czy zdarza Ci si\u0119 mie\u0107 rozbiegane my\u015bli, spi\u0119ty ty\u0142eczek, by\u0107 przyt\u0142oczon\u0105 obowi\u0105zkami, planami, \u017cy\u0107kiem?<br>My\u015ble\u0107, \u017ce jeste\u015b niewystarczaj\u0105c\u0105, beznadziejn\u0105, jak\u0105\u015b tak\u0105, nie tak\u0105 jak powinna\u015b by\u0107? <\/p>\n\n\n\n<p>Chod\u017a Moja Droga Kobietko, rozlu\u017animy si\u0119 i zakotwiczymy dobry stan w ciele, by zmiany mog\u0142y si\u0119 w Tobie zacz\u0105\u0107 dokonywa\u0107.<\/p>\n\n\n\n<p>By\u015b mog\u0142a \u017cy\u0107 w pe\u0142ni. <strong>Bo \u015bwiat Ci\u0119 potrzebuje<\/strong>! \u015awiat potrzebuje przebudzonych, sprawczych i zrelaksowanych Kobiet! \ud83d\ude42<\/p>\n\n\n\n<p>Dlatego nie zwlekaj, tylko <strong>kliknij poni\u017cej, aby otrzyma\u0107 dost\u0119p<\/strong><\/p>\n\n\n\n<div class=\"wp-block-columns is-layout-flex wp-container-core-columns-is-layout-9d6595d7 wp-block-columns-is-layout-flex\">\n<div class=\"wp-block-column is-layout-flow wp-block-column-is-layout-flow\" style=\"flex-basis:100%\">\n<div class=\"wp-block-buttons is-layout-flex wp-block-buttons-is-layout-flex\">\n<div class=\"wp-block-button is-style-fill\"><a class=\"wp-block-button__link wp-element-button\">Wy\u015blij mi dost\u0119p!<\/a><\/div>\n<\/div>\n<\/div>\n<\/div>\n<\/div>\n<\/div>\n<\/div><\/div>\n\n\n\n<div class=\"wp-block-group alignwide\"><div class=\"wp-block-group__inner-container is-layout-constrained wp-block-group-is-layout-constrained\">\n<div class=\"wp-block-media-text alignwide has-media-on-the-right is-stacked-on-mobile\"><div class=\"wp-block-media-text__content\">\n<h2 class=\"wp-block-heading\">Nazywam si\u0119 Ania Adamczuk. Pracuj\u0119 jako Trener EFT<\/h2>\n\n\n\n<p>Wspieram kobiety w&nbsp;odkrywaniu siebie w&nbsp;prawdzie, mocy, pi\u0119knie i&nbsp;potencja\u0142ach.<\/p>\n\n\n\n<p>Pomagam przywr\u00f3ci\u0107 naturalny rytm \u017cycia (flow) synchronizuj\u0105c cia\u0142o, umys\u0142 i&nbsp;emocje g\u0142\u00f3wnie za&nbsp;pomoc\u0105 EFT, a&nbsp;tak\u017ce delikatnego wsparcia technik mindfulness oraz&nbsp;muzyki, cz\u0119sto pod postaci\u0105 koj\u0105cych pie\u015bni u\u017cywanych przez&nbsp;rdzennych uzdrowicieli.<\/p>\n\n\n\n<h4 class=\"wp-block-heading\">Moj\u0105 misj\u0105 \u017cyciow\u0105 jest inspirowa\u0107 do \u017cycia zgodnie z wewn\u0119trzn\u0105 prawd\u0105 oraz poprzez muzyk\u0119 i EFT stwarza\u0107 bezpieczn\u0105 przestrze\u0144 do kontaktu z sercem.<\/h4>\n<\/div><figure class=\"wp-block-media-text__media\"><img loading=\"lazy\" decoding=\"async\" width=\"681\" height=\"1024\" src=\"http:\/\/kobietawprawdzie.pl\/wp-content\/uploads\/2024\/04\/IMG_1934-681x1024.jpg\" alt=\"\" class=\"wp-image-393 size-full\" srcset=\"https:\/\/kobietawprawdzie.pl\/wp-content\/uploads\/2024\/04\/IMG_1934-681x1024.jpg 681w, https:\/\/kobietawprawdzie.pl\/wp-content\/uploads\/2024\/04\/IMG_1934-200x300.jpg 200w, https:\/\/kobietawprawdzie.pl\/wp-content\/uploads\/2024\/04\/IMG_1934-768x1154.jpg 768w, https:\/\/kobietawprawdzie.pl\/wp-content\/uploads\/2024\/04\/IMG_1934-1022x1536.jpg 1022w, https:\/\/kobietawprawdzie.pl\/wp-content\/uploads\/2024\/04\/IMG_1934-1363x2048.jpg 1363w, https:\/\/kobietawprawdzie.pl\/wp-content\/uploads\/2024\/04\/IMG_1934-1568x2357.jpg 1568w, https:\/\/kobietawprawdzie.pl\/wp-content\/uploads\/2024\/04\/IMG_1934-600x902.jpg 600w, https:\/\/kobietawprawdzie.pl\/wp-content\/uploads\/2024\/04\/IMG_1934-scaled.jpg 1703w\" sizes=\"auto, (max-width: 681px) 100vw, 681px\" \/><\/figure><\/div>\n<\/div><\/div>\n\n\n\n<div class=\"wp-block-group\"><div class=\"wp-block-group__inner-container is-layout-constrained wp-block-group-is-layout-constrained\">\n<div class=\"wp-block-group\"><div class=\"wp-block-group__inner-container is-layout-constrained wp-block-group-is-layout-constrained\">\n<figure class=\"wp-block-pullquote alignwide center\"><blockquote><p>We\u017a sprawy w swoje r\u0119ce. Odzyskaj Moc i poczucie sprawczo\u015bci <br>w swoim \u017cyciu.<br>Zas\u0142ugujesz na zmian\u0119!<\/p><\/blockquote><\/figure>\n<\/div><\/div>\n\n\n\n<p><br>Czas na:<\/p>\n\n\n\n<ul class=\"wp-block-list\">\n<li>pe\u0142n\u0105 akceptacj\u0119 siebie,<\/li>\n\n\n\n<li>przywr\u00f3cenie \u017cyciowego flow w ka\u017cdej strefie Twojego \u017cycia,<\/li>\n\n\n\n<li>przywr\u00f3cenie czucia cia\u0142a, emocji,<\/li>\n\n\n\n<li>zaufanie g\u0142osowi swojej Intuicji,<\/li>\n\n\n\n<li>tworzenie \u017cycia, dok\u0142adnie takiego jakie chcesz,<\/li>\n\n\n\n<li>spok\u00f3j wewn\u0119trzny, oswojenie swoich cieni, tak, by razem wsp\u00f3\u0142pracowa\u0142y na Twoj\u0105 korzy\u015b\u0107,<\/li>\n\n\n\n<li>wyra\u017canie siebie w pe\u0142ni, bez blokad i opor\u00f3w,<\/li>\n\n\n\n<li>g\u0142\u0119bsze po\u0142\u0105czenie ze sob\u0105 i swoim sercem,<\/li>\n\n\n\n<li>rado\u015b\u0107! bezwstydn\u0105 spontaniczno\u015b\u0107,<\/li>\n\n\n\n<li>odwag\u0119 i wiar\u0119 w siebie!<\/li>\n<\/ul>\n<\/div><\/div>\n\n\n\n<div class=\"wp-block-columns alignwide is-layout-flex wp-container-core-columns-is-layout-9d6595d7 wp-block-columns-is-layout-flex\">\n<div class=\"wp-block-column is-vertically-aligned-stretch is-layout-flow wp-block-column-is-layout-flow\">\n<figure class=\"wp-block-image size-full\"><img loading=\"lazy\" decoding=\"async\" width=\"2048\" height=\"1365\" src=\"http:\/\/kobietawprawdzie.pl\/wp-content\/uploads\/2024\/04\/IMG_5434-1.jpg\" alt=\"\" class=\"wp-image-396\" srcset=\"https:\/\/kobietawprawdzie.pl\/wp-content\/uploads\/2024\/04\/IMG_5434-1.jpg 2048w, https:\/\/kobietawprawdzie.pl\/wp-content\/uploads\/2024\/04\/IMG_5434-1-300x200.jpg 300w, https:\/\/kobietawprawdzie.pl\/wp-content\/uploads\/2024\/04\/IMG_5434-1-1024x683.jpg 1024w, https:\/\/kobietawprawdzie.pl\/wp-content\/uploads\/2024\/04\/IMG_5434-1-768x512.jpg 768w, https:\/\/kobietawprawdzie.pl\/wp-content\/uploads\/2024\/04\/IMG_5434-1-1536x1024.jpg 1536w, https:\/\/kobietawprawdzie.pl\/wp-content\/uploads\/2024\/04\/IMG_5434-1-1568x1045.jpg 1568w, https:\/\/kobietawprawdzie.pl\/wp-content\/uploads\/2024\/04\/IMG_5434-1-600x400.jpg 600w\" sizes=\"auto, (max-width: 2048px) 100vw, 2048px\" \/><\/figure>\n<\/div>\n<\/div>\n\n\n\n<h2 class=\"wp-block-heading\">Co m\u00f3wi\u0105 Kobiety, kt\u00f3re odwa\u017cy\u0142y si\u0119 na zmian\u0119:<\/h2>\n\n\n\n<div class=\"wp-block-columns is-layout-flex wp-container-core-columns-is-layout-9d6595d7 wp-block-columns-is-layout-flex\">\n<div class=\"wp-block-column is-layout-flow wp-block-column-is-layout-flow\" style=\"flex-basis:100%\"><style type='text\/css' media='all'>#tss-container-1259414178.tss-wrapper .tss-layout10 .item-content-wrapper,\r\n\t\t\t\t\t#tss-container-1259414178.tss-wrapper .tss-isotope3 .item-content-wrapper,\r\n\t\t\t\t\t#tss-container-1259414178.tss-wrapper .tss-isotope5 .item-content-wrapper,\r\n\t\t\t\t\t#tss-container-1259414178.tss-wrapper .tss-carousel10 .item-content-wrapper{background: transparent;}<\/style><div class='rt-container-fluid tss-wrapper ' id='tss-container-1259414178'  data-layout='carousel1' data-desktop-col='1'  data-tab-col='1'  data-mobile-col='1'><div data-title='Loading ...' class='rt-row tss-carousel1 tss-even tss-pre-loader'><div class=\"carousel-wrapper\"><div  class='tss-carousel swiper'\r\n\t\t\t\t\t\t\t\t\t\tdata-loop='false'\r\n\t\t\t\t\t\t\t\t\t\tdata-items-desktop='1'\r\n\t\t\t\t\t\t\t\t\t\tdata-items-tab='1'\r\n\t\t\t\t\t\t\t\t\t\tdata-items-mobile='1'\r\n\t\t\t\t\t\t\t\t\t\tdata-autoplay='true'\r\n\t\t\t\t\t\t\t\t\t\tdata-autoplay-timeout='5000'\r\n\t\t\t\t\t\t\t\t\t\tdata-autoplay-hover-pause='false'\r\n\t\t\t\t\t\t\t\t\t\tdata-dots='true'\r\n\t\t\t\t\t\t\t\t\t\tdata-nav='false'\r\n\t\t\t\t\t\t\t\t\t\tdata-lazy-load='false'\r\n\t\t\t\t\t\t\t\t\t\tdata-auto-height='false'\r\n\t\t\t\t\t\t\t\t\t\tdata-smart-speed='2000'\r\n\t\t\t\t\t\t\t\t\t\t><div class=\"swiper-wrapper\"><div class='rt-col-md-12 rt-col-sm-12 rt-col-xs-12 even-grid-item tss-grid-item slide-item swiper-slide even-grid-item default-margin'><div class=\"single-item-wrapper\"><div class=\"tss-meta-info tss-left\"><div class='profile-img-wrapper'><img alt='Ola' class='rt-responsive-img' src='https:\/\/kobietawprawdzie.pl\/wp-content\/uploads\/2023\/03\/Kobieta-w-prawdzie-LOGO-150x150.png' \/><\/div><h3 class='author-name'>Ola<\/h3><div class=\"rating-wrapper\"><span data-star='1' class='star-1 dashicons dashicons-star-empty' aria-hidden='true'><\/span><span data-star='2' class='star-2 dashicons dashicons-star-empty' aria-hidden='true'><\/span><span data-star='3' class='star-3 dashicons dashicons-star-empty' aria-hidden='true'><\/span><span data-star='4' class='star-4 dashicons dashicons-star-empty' aria-hidden='true'><\/span><span data-star='5' class='star-5 dashicons dashicons-star-empty' aria-hidden='true'><\/span><\/div><\/div><div class=\"item-content-wrapper tss-right\"><div class='item-content'>Cz\u0119sto wspominam sobie terapi\u0119. Czuje, \u017ce mimo tego, \u017ce do\u015b\u0107 kr\u00f3tko pracowa\u0142y\u015bmy i min\u0105\u0142 ju\u017c ponad rok, to dalej czuje pozytywne efekty terapii, nawet znajomi mi m\u00f3wi\u0105, \u017ce wida\u0107 po mnie, \u017ce jestem bardziej rozpromieniona. Nie wszystkim m\u00f3wi\u0119, \u017ce chodzi\u0142am na terapi\u0119, ale uwa\u017cam, \u017ce moja zmiana, to w\u0142a\u015bnie zas\u0142uga terapii z Tob\u0105. Bardzo Ci dzi\u0119kuj\u0119 za pomoc i wsparcie \ud83e\udd70<\/div><\/div><\/div><\/div><div class='rt-col-md-12 rt-col-sm-12 rt-col-xs-12 even-grid-item tss-grid-item slide-item swiper-slide even-grid-item default-margin'><div class=\"single-item-wrapper\"><div class=\"tss-meta-info tss-left\"><div class='profile-img-wrapper'><img alt='Beata' class='rt-responsive-img' src='https:\/\/kobietawprawdzie.pl\/wp-content\/uploads\/2023\/03\/Kobieta-w-prawdzie-LOGO-150x150.png' \/><\/div><h3 class='author-name'>Beata<\/h3><div class=\"rating-wrapper\"><span data-star='1' class='star-1 dashicons dashicons-star-filled' aria-hidden='true'><\/span><span data-star='2' class='star-2 dashicons dashicons-star-filled' aria-hidden='true'><\/span><span data-star='3' class='star-3 dashicons dashicons-star-filled' aria-hidden='true'><\/span><span data-star='4' class='star-4 dashicons dashicons-star-filled' aria-hidden='true'><\/span><span data-star='5' class='star-5 dashicons dashicons-star-filled' aria-hidden='true'><\/span><\/div><\/div><div class=\"item-content-wrapper tss-right\"><div class='item-content'>Przez lata boryka\u0142am si\u0119 z poczuciem, \u017ce nie zas\u0142uguj\u0119 na dobre rzeczy. Dziesi\u0105tki warsztat\u00f3w i ceremonii nie da\u0142y mi uwolnienia od tego odczucia. Na szcz\u0119\u015bcie trafi\u0142am na Ani\u0119. Wystarczy\u0142a nam jedna sesja, \u017ceby to uzdrowi\u0107! Ci\u0119\u017cko by\u0142o mi uwierzy\u0107 jak bardzo g\u0142\u0119boka mo\u017ce by\u0107 praca EFT, oczywi\u015bcie przy prowadzeniu przez odpowiedniego terapeut\u0119. Mega wdzi\u0119czno\u015b\u0107 &lt;3<\/div><\/div><\/div><\/div><div class='rt-col-md-12 rt-col-sm-12 rt-col-xs-12 even-grid-item tss-grid-item slide-item swiper-slide even-grid-item default-margin'><div class=\"single-item-wrapper\"><div class=\"tss-meta-info tss-left\"><div class='profile-img-wrapper'><img alt='Magdalena' class='rt-responsive-img' src='https:\/\/kobietawprawdzie.pl\/wp-content\/uploads\/2023\/03\/Kobieta-w-prawdzie-LOGO-150x150.png' \/><\/div><h3 class='author-name'>Magdalena<\/h3><div class=\"rating-wrapper\"><span data-star='1' class='star-1 dashicons dashicons-star-filled' aria-hidden='true'><\/span><span data-star='2' class='star-2 dashicons dashicons-star-filled' aria-hidden='true'><\/span><span data-star='3' class='star-3 dashicons dashicons-star-filled' aria-hidden='true'><\/span><span data-star='4' class='star-4 dashicons dashicons-star-filled' aria-hidden='true'><\/span><span data-star='5' class='star-5 dashicons dashicons-star-filled' aria-hidden='true'><\/span><\/div><\/div><div class=\"item-content-wrapper tss-right\"><div class='item-content'>Terapia u Ani, pomog\u0142a odkry\u0107 mi moj\u0105 kobieco\u015b\u0107, zaakceptowa\u0107 cia\u0142o, poczu\u0107 si\u0119 w sobie w ko\u0144cu dobrze. Przez lata pracowa\u0142am nad swoim podej\u015bciem do jedzenia, moj\u0105 wag\u0105 i musz\u0119 przyzna\u0107, \u017ce dopiero EFT da\u0142o mi sta\u0142y i zadowalaj\u0105cy rezultat pracy. Czuj\u0119, \u017ce ta cz\u0119\u015b\u0107 mnie jest w ko\u0144cu naprawd\u0119 uzdrowiona.<\/div><\/div><\/div><\/div><\/div><div class=\"swiper-pagination\"><\/div><\/div><\/div><div class=\"rt-loading-overlay\"><\/div><div class=\"rt-loading rt-ball-clip-rotate\"><div><\/div><\/div><\/div><\/div><\/div>\n<\/div>\n\n\n\n<h4 class=\"wp-block-heading alignwide has-text-align-center has-yellow-to-green-gradient-background has-background\" style=\"font-style:normal;font-weight:500\">Po\u0142\u0105cz cia\u0142o, umys\u0142 i serce, tak, by dzia\u0142a\u0142y razem na Twoj\u0105 korzy\u015b\u0107!<\/h4>\n\n\n\n<div class=\"wp-block-columns is-layout-flex wp-container-core-columns-is-layout-9d6595d7 wp-block-columns-is-layout-flex\">\n<div class=\"wp-block-column is-layout-flow wp-block-column-is-layout-flow\">\n<h4 class=\"wp-block-heading\"><strong>Potrzebujesz zmiany?<br>Um\u00f3w si\u0119 na sesj\u0119!<\/strong><\/h4>\n<\/div>\n\n\n\n<div class=\"wp-block-column is-layout-flow wp-block-column-is-layout-flow\">\n<div class=\"wpcf7 no-js\" id=\"wpcf7-f114-o1\" lang=\"pl-PL\" dir=\"ltr\">\n<div class=\"screen-reader-response\"><p role=\"status\" aria-live=\"polite\" aria-atomic=\"true\"><\/p> <ul><\/ul><\/div>\n<form action=\"\/index.php\/wp-json\/wp\/v2\/pages\/9#wpcf7-f114-o1\" method=\"post\" class=\"wpcf7-form init\" aria-label=\"Formularz kontaktowy\" novalidate=\"novalidate\" data-status=\"init\">\n<div style=\"display: none;\">\n<input type=\"hidden\" name=\"_wpcf7\" value=\"114\" \/>\n<input type=\"hidden\" name=\"_wpcf7_version\" value=\"5.9.3\" \/>\n<input type=\"hidden\" name=\"_wpcf7_locale\" value=\"pl_PL\" \/>\n<input type=\"hidden\" name=\"_wpcf7_unit_tag\" value=\"wpcf7-f114-o1\" \/>\n<input type=\"hidden\" name=\"_wpcf7_container_post\" value=\"0\" \/>\n<input type=\"hidden\" name=\"_wpcf7_posted_data_hash\" value=\"\" \/>\n<\/div>\n<p><label> Jak masz na imi\u0119?<br \/>\n<span class=\"wpcf7-form-control-wrap\" data-name=\"your-name\"><input size=\"40\" class=\"wpcf7-form-control wpcf7-text wpcf7-validates-as-required\" aria-required=\"true\" aria-invalid=\"false\" value=\"\" type=\"text\" name=\"your-name\" \/><\/span> <\/label>\n<\/p>\n<p><label> Podaj sw\u00f3j adres e-mail<br \/>\n<span class=\"wpcf7-form-control-wrap\" data-name=\"your-email\"><input size=\"40\" class=\"wpcf7-form-control wpcf7-email wpcf7-validates-as-required wpcf7-text wpcf7-validates-as-email\" aria-required=\"true\" aria-invalid=\"false\" value=\"\" type=\"email\" name=\"your-email\" \/><\/span> <\/label>\n<\/p>\n<p><label> Podaj sw\u00f3j numer telefonu<br \/>\n<span class=\"wpcf7-form-control-wrap\" data-name=\"your-subject\"><input size=\"40\" class=\"wpcf7-form-control wpcf7-tel wpcf7-validates-as-required wpcf7-text wpcf7-validates-as-tel\" aria-required=\"true\" aria-invalid=\"false\" value=\"\" type=\"tel\" name=\"your-subject\" \/><\/span> <\/label>\n<\/p>\n<p><label> Jaki jest tw\u00f3j problem?<br \/>\n<span class=\"wpcf7-form-control-wrap\" data-name=\"your-problem\"><input size=\"40\" class=\"wpcf7-form-control wpcf7-text wpcf7-validates-as-required\" aria-required=\"true\" aria-invalid=\"false\" value=\"\" type=\"text\" name=\"your-problem\" \/><\/span> <\/label>\n<\/p>\n<p><label> Je\u015bli masz jakie\u015b preferencje co do dnia i godziny spotkania wpisz je tutaj<br \/>\n<span class=\"wpcf7-form-control-wrap\" data-name=\"your-time\"><input size=\"40\" class=\"wpcf7-form-control wpcf7-text wpcf7-validates-as-required\" aria-required=\"true\" aria-invalid=\"false\" value=\"\" type=\"text\" name=\"your-time\" \/><\/span> <\/label>\n<\/p>\n<p><input class=\"wpcf7-form-control wpcf7-submit has-spinner\" type=\"submit\" value=\"Wy\u015blij\" \/>\n<\/p><p style=\"display: none !important;\" class=\"akismet-fields-container\" data-prefix=\"_wpcf7_ak_\"><label>&#916;<textarea name=\"_wpcf7_ak_hp_textarea\" cols=\"45\" rows=\"8\" maxlength=\"100\"><\/textarea><\/label><input type=\"hidden\" id=\"ak_js_1\" name=\"_wpcf7_ak_js\" value=\"22\"\/><script>document.getElementById( \"ak_js_1\" ).setAttribute( \"value\", ( new Date() ).getTime() );<\/script><\/p><div class=\"wpcf7-response-output\" aria-hidden=\"true\"><\/div>\n<\/form>\n<\/div>\n\n<\/div>\n<\/div>\n\n\n\n<figure class=\"wp-block-image alignwide size-large\"><img loading=\"lazy\" decoding=\"async\" width=\"1024\" height=\"683\" src=\"http:\/\/kobietawprawdzie.pl\/wp-content\/uploads\/2024\/04\/IMG_5503-1024x683.jpg\" alt=\"\" class=\"wp-image-469\" srcset=\"https:\/\/kobietawprawdzie.pl\/wp-content\/uploads\/2024\/04\/IMG_5503-1024x683.jpg 1024w, https:\/\/kobietawprawdzie.pl\/wp-content\/uploads\/2024\/04\/IMG_5503-300x200.jpg 300w, https:\/\/kobietawprawdzie.pl\/wp-content\/uploads\/2024\/04\/IMG_5503-768x512.jpg 768w, https:\/\/kobietawprawdzie.pl\/wp-content\/uploads\/2024\/04\/IMG_5503-1536x1024.jpg 1536w, https:\/\/kobietawprawdzie.pl\/wp-content\/uploads\/2024\/04\/IMG_5503-1568x1045.jpg 1568w, https:\/\/kobietawprawdzie.pl\/wp-content\/uploads\/2024\/04\/IMG_5503-600x400.jpg 600w, https:\/\/kobietawprawdzie.pl\/wp-content\/uploads\/2024\/04\/IMG_5503.jpg 2048w\" sizes=\"auto, (max-width: 1024px) 100vw, 1024px\" \/><\/figure>\n\n\n\n<p><\/p>\n","protected":false},"excerpt":{"rendered":"<p>Od chaosu, spi\u0119cia i przyt\u0142oczenia, po stabilno\u015b\u0107 i lekkie, p\u0142ynne \u017cycie Wyobra\u017a sobie Kobiet\u0119, kt\u00f3rej cia\u0142o jest swobodne, wolne od napi\u0119\u0107, otwarte na prze\u017cywanie emocji. Kobiet\u0119, kt\u00f3ra odwa\u017cnie p\u0142ynie przez \u017cycie, w balansie, kierowana swoj\u0105 intuicj\u0105. Kobiet\u0119 autentyczn\u0105, kreatywn\u0105, pe\u0142n\u0105 \u017caru pasji, nami\u0119tno\u015bci, zmys\u0142owo\u015bci. Kobiet\u0119 spontaniczn\u0105, kt\u00f3ra kocha siebie za to, jaka jest w istocie,&hellip; <a class=\"more-link\" href=\"https:\/\/kobietawprawdzie.pl\/\">Czytaj dalej <span class=\"screen-reader-text\">Kobieta w Prawdzie<\/span><\/a><\/p>\n","protected":false},"author":1,"featured_media":0,"parent":0,"menu_order":0,"comment_status":"closed","ping_status":"closed","template":"","meta":{"footnotes":""},"class_list":["post-9","page","type-page","status-publish","hentry","entry"],"_links":{"self":[{"href":"https:\/\/kobietawprawdzie.pl\/index.php\/wp-json\/wp\/v2\/pages\/9","targetHints":{"allow":["GET"]}}],"collection":[{"href":"https:\/\/kobietawprawdzie.pl\/index.php\/wp-json\/wp\/v2\/pages"}],"about":[{"href":"https:\/\/kobietawprawdzie.pl\/index.php\/wp-json\/wp\/v2\/types\/page"}],"author":[{"embeddable":true,"href":"https:\/\/kobietawprawdzie.pl\/index.php\/wp-json\/wp\/v2\/users\/1"}],"replies":[{"embeddable":true,"href":"https:\/\/kobietawprawdzie.pl\/index.php\/wp-json\/wp\/v2\/comments?post=9"}],"version-history":[{"count":107,"href":"https:\/\/kobietawprawdzie.pl\/index.php\/wp-json\/wp\/v2\/pages\/9\/revisions"}],"predecessor-version":[{"id":490,"href":"https:\/\/kobietawprawdzie.pl\/index.php\/wp-json\/wp\/v2\/pages\/9\/revisions\/490"}],"wp:attachment":[{"href":"https:\/\/kobietawprawdzie.pl\/index.php\/wp-json\/wp\/v2\/media?parent=9"}],"curies":[{"name":"wp","href":"https:\/\/api.w.org\/{rel}","templated":true}]}}